{"id":1625,"date":"2021-04-01T04:15:00","date_gmt":"2021-04-01T04:15:00","guid":{"rendered":"https:\/\/www.agencianectarina.com.br\/miami\/?page_id=1625"},"modified":"2021-04-14T22:38:36","modified_gmt":"2021-04-14T22:38:36","slug":"sobre-a-loja","status":"publish","type":"page","link":"https:\/\/www.agencianectarina.com.br\/lojavirtual\/sobre-a-loja\/","title":{"rendered":"Sobre a Loja"},"content":{"rendered":"[mk_page_section bg_image=&#8221;https:\/\/www.agencianectarina.com.br\/miami\/wp-content\/uploads\/2021\/04\/moda-masculina.jpg&#8221; bg_position=&#8221;center center&#8221; bg_repeat=&#8221;no-repeat&#8221; bg_stretch=&#8221;true&#8221; padding_top=&#8221;60&#8243; padding_bottom=&#8221;60&#8243; sidebar=&#8221;sidebar-1&#8243;][vc_column][vc_custom_heading text=&#8221;Sua Loja: Moda Masculina e Feminina&#8221; font_container=&#8221;tag:h1|font_size:25px|text_align:center|color:%23ffffff&#8221; google_fonts=&#8221;font_family:Montserrat%3Aregular%2C700|font_style:400%20regular%3A400%3Anormal&#8221;][\/vc_column][\/mk_page_section][mk_page_section bg_color=&#8221;#ffffff&#8221; bg_position=&#8221;center center&#8221; padding_top=&#8221;60&#8243; padding_bottom=&#8221;0&#8243; sidebar=&#8221;sidebar-1&#8243;][vc_column width=&#8221;1\/2&#8243;][mk_padding_divider][vc_column_text]\n<h2 class=\"js-el heading-tag la-unit-responsive\" data-la_component=\"UnitResponsive\" data-el_target=\"#la_heading_60656fa8bd153 .heading-tag\" data-el_media_sizes=\"{&quot;font-size&quot;:&quot;lg:32px;md:24px;sm:20px;&quot;,&quot;line-height&quot;:&quot;&quot;}\">Conhe\u00e7a sobre a nossa Hist\u00f3ria<\/h2>\n<div class=\"js-el subheading-tag la-unit-responsive padding-top-15\" data-la_component=\"UnitResponsive\" data-el_target=\"#la_heading_60656fa8bd153 .subheading-tag\" data-el_media_sizes=\"{&quot;font-size&quot;:&quot;lg:13px;&quot;,&quot;line-height&quot;:&quot;lg:24px;&quot;}\">\n<div>\n<p>Lorem Ipsum\u00a0\u00e9 simplesmente uma simula\u00e7\u00e3o de texto da ind\u00fastria tipogr\u00e1fica e de impressos, e vem sendo utilizado desde o s\u00e9culo XVI, quando um impressor desconhecido pegou uma bandeja de tipos e os embaralhou para fazer um livro de modelos de tipos. Lorem Ipsum sobreviveu n\u00e3o s\u00f3 a cinco s\u00e9culos, como tamb\u00e9m ao salto para a editora\u00e7\u00e3o eletr\u00f4nica, permanecendo essencialmente inalterado.<\/p>\n<p>Lorem Ipsum\u00a0\u00e9 simplesmente uma simula\u00e7\u00e3o de texto da ind\u00fastria tipogr\u00e1fica e de impressos, e vem sendo utilizado desde o s\u00e9culo XVI, quando um impressor desconhecido pegou uma bandeja de tipos e os embaralhou para fazer um livro de modelos de tipos. Lorem Ipsum sobreviveu n\u00e3o s\u00f3 a cinco s\u00e9culos, como tamb\u00e9m ao salto para a editora\u00e7\u00e3o eletr\u00f4nica, permanecendo essencialmente inalterado.<\/p>\n<\/div>\n<\/div>\n[\/vc_column_text][\/vc_column][vc_column width=&#8221;1\/2&#8243;][vc_column_text align=&#8221;center&#8221; margin_bottom=&#8221;-20&#8243;]<img loading=\"lazy\" decoding=\"async\" class=\"alignnone size-full wp-image-1877\" src=\"https:\/\/www.agencianectarina.com.br\/miami\/wp-content\/uploads\/2021\/04\/moda-masculina-3.png\" alt=\"\" width=\"600\" height=\"600\" srcset=\"https:\/\/www.agencianectarina.com.br\/lojavirtual\/wp-content\/uploads\/2021\/04\/moda-masculina-3.png 600w, https:\/\/www.agencianectarina.com.br\/lojavirtual\/wp-content\/uploads\/2021\/04\/moda-masculina-3-300x300.png 300w, https:\/\/www.agencianectarina.com.br\/lojavirtual\/wp-content\/uploads\/2021\/04\/moda-masculina-3-150x150.png 150w, https:\/\/www.agencianectarina.com.br\/lojavirtual\/wp-content\/uploads\/2021\/04\/moda-masculina-3-550x550.png 550w, https:\/\/www.agencianectarina.com.br\/lojavirtual\/wp-content\/uploads\/2021\/04\/moda-masculina-3-500x500.png 500w, https:\/\/www.agencianectarina.com.br\/lojavirtual\/wp-content\/uploads\/2021\/04\/moda-masculina-3-225x225.png 225w, https:\/\/www.agencianectarina.com.br\/lojavirtual\/wp-content\/uploads\/2021\/04\/moda-masculina-3-200x200.png 200w, https:\/\/www.agencianectarina.com.br\/lojavirtual\/wp-content\/uploads\/2021\/04\/moda-masculina-3-260x260.png 260w, https:\/\/www.agencianectarina.com.br\/lojavirtual\/wp-content\/uploads\/2021\/04\/moda-masculina-3-100x100.png 100w\" sizes=\"auto, (max-width: 600px) 85vw, 600px\" \/>[\/vc_column_text][\/vc_column][\/mk_page_section][mk_page_section bg_color=&#8221;#f1f1f1&#8243; bg_position=&#8221;center center&#8221; padding_top=&#8221;60&#8243; padding_bottom=&#8221;0&#8243; sidebar=&#8221;sidebar-1&#8243;][vc_column width=&#8221;1\/2&#8243;][vc_column_text align=&#8221;center&#8221; margin_bottom=&#8221;-23&#8243;]<img loading=\"lazy\" decoding=\"async\" class=\"size-full wp-image-1740 aligncenter\" src=\"https:\/\/www.agencianectarina.com.br\/miami\/wp-content\/uploads\/2021\/04\/moda.png\" alt=\"\" width=\"843\" height=\"809\" srcset=\"https:\/\/www.agencianectarina.com.br\/lojavirtual\/wp-content\/uploads\/2021\/04\/moda.png 843w, https:\/\/www.agencianectarina.com.br\/lojavirtual\/wp-content\/uploads\/2021\/04\/moda-300x288.png 300w, https:\/\/www.agencianectarina.com.br\/lojavirtual\/wp-content\/uploads\/2021\/04\/moda-768x737.png 768w, https:\/\/www.agencianectarina.com.br\/lojavirtual\/wp-content\/uploads\/2021\/04\/moda-600x575.png 600w\" sizes=\"auto, (max-width: 709px) 85vw, (max-width: 909px) 67vw, (max-width: 1362px) 62vw, 840px\" \/>[\/vc_column_text][\/vc_column][vc_column width=&#8221;1\/2&#8243;][mk_padding_divider][vc_column_text]\n<h2 class=\"js-el heading-tag la-unit-responsive\" data-la_component=\"UnitResponsive\" data-el_target=\"#la_heading_60656fa8bd153 .heading-tag\" data-el_media_sizes=\"{&quot;font-size&quot;:&quot;lg:32px;md:24px;sm:20px;&quot;,&quot;line-height&quot;:&quot;&quot;}\">Conhe\u00e7a sobre a nossa Hist\u00f3ria<\/h2>\n<div class=\"js-el subheading-tag la-unit-responsive padding-top-15\" data-la_component=\"UnitResponsive\" data-el_target=\"#la_heading_60656fa8bd153 .subheading-tag\" data-el_media_sizes=\"{&quot;font-size&quot;:&quot;lg:13px;&quot;,&quot;line-height&quot;:&quot;lg:24px;&quot;}\">\n<p>Lorem Ipsum\u00a0\u00e9 simplesmente uma simula\u00e7\u00e3o de texto da ind\u00fastria tipogr\u00e1fica e de impressos, e vem sendo utilizado desde o s\u00e9culo XVI, quando um impressor desconhecido pegou uma bandeja de tipos e os embaralhou para fazer um livro de modelos de tipos. Lorem Ipsum sobreviveu n\u00e3o s\u00f3 a cinco s\u00e9culos, como tamb\u00e9m ao salto para a editora\u00e7\u00e3o eletr\u00f4nica, permanecendo essencialmente inalterado.<\/p>\n<p>Lorem Ipsum\u00a0\u00e9 simplesmente uma simula\u00e7\u00e3o de texto da ind\u00fastria tipogr\u00e1fica e de impressos, e vem sendo utilizado desde o s\u00e9culo XVI, quando um impressor desconhecido pegou uma bandeja de tipos e os embaralhou para fazer um livro de modelos de tipos. Lorem Ipsum sobreviveu n\u00e3o s\u00f3 a cinco s\u00e9culos, como tamb\u00e9m ao salto para a editora\u00e7\u00e3o eletr\u00f4nica, permanecendo essencialmente inalterado.<\/p>\n<\/div>\n[\/vc_column_text][\/vc_column][\/mk_page_section]\n","protected":false},"excerpt":{"rendered":"<p>[mk_page_section bg_image=&#8221;https:\/\/www.agencianectarina.com.br\/miami\/wp-content\/uploads\/2021\/04\/moda-masculina.jpg&#8221; bg_position=&#8221;center center&#8221; bg_repeat=&#8221;no-repeat&#8221; bg_stretch=&#8221;true&#8221; padding_top=&#8221;60&#8243; padding_bottom=&#8221;60&#8243; sidebar=&#8221;sidebar-1&#8243;][vc_column][vc_custom_heading text=&#8221;Sua Loja: Moda Masculina e Feminina&#8221; font_container=&#8221;tag:h1|font_size:25px|text_align:center|color:%23ffffff&#8221; google_fonts=&#8221;font_family:Montserrat%3Aregular%2C700|font_style:400%20regular%3A400%3Anormal&#8221;][\/vc_column][\/mk_page_section][mk_page_section bg_color=&#8221;#ffffff&#8221; bg_position=&#8221;center center&#8221; padding_top=&#8221;60&#8243; padding_bottom=&#8221;0&#8243; sidebar=&#8221;sidebar-1&#8243;][vc_column width=&#8221;1\/2&#8243;][mk_padding_divider][vc_column_text] Conhe\u00e7a sobre a nossa Hist\u00f3ria Lorem Ipsum\u00a0\u00e9 simplesmente uma simula\u00e7\u00e3o de texto da ind\u00fastria tipogr\u00e1fica e de impressos, e vem sendo utilizado desde o s\u00e9culo XVI, quando um impressor desconhecido pegou [&hellip;]<\/p>\n","protected":false},"author":1,"featured_media":0,"parent":0,"menu_order":0,"comment_status":"closed","ping_status":"closed","template":"","meta":{"footnotes":""},"class_list":["post-1625","page","type-page","status-publish","hentry"],"yoast_head":"<!-- This site is optimized with the Yoast SEO plugin v26.9 - https:\/\/yoast.com\/product\/yoast-seo-wordpress\/ -->\n<title>Sobre a Loja | Modelo de Loja Virtual | Ag\u00eancia Nectarina<\/title>\n<meta name=\"robots\" content=\"index, follow, max-snippet:-1, max-image-preview:large, max-video-preview:-1\" \/>\n<link rel=\"canonical\" href=\"https:\/\/www.agencianectarina.com.br\/lojavirtual\/sobre-a-loja\/\" \/>\n<meta property=\"og:locale\" content=\"pt_BR\" \/>\n<meta property=\"og:type\" content=\"article\" \/>\n<meta property=\"og:title\" content=\"Sobre a Loja | Modelo de Loja Virtual | Ag\u00eancia Nectarina\" \/>\n<meta property=\"og:description\" content=\"[mk_page_section bg_image=&#8221;https:\/\/www.agencianectarina.com.br\/miami\/wp-content\/uploads\/2021\/04\/moda-masculina.jpg&#8221; bg_position=&#8221;center center&#8221; bg_repeat=&#8221;no-repeat&#8221; bg_stretch=&#8221;true&#8221; padding_top=&#8221;60&#8243; padding_bottom=&#8221;60&#8243; sidebar=&#8221;sidebar-1&#8243;][vc_column][vc_custom_heading text=&#8221;Sua Loja: Moda Masculina e Feminina&#8221; font_container=&#8221;tag:h1|font_size:25px|text_align:center|color:%23ffffff&#8221; google_fonts=&#8221;font_family:Montserrat%3Aregular%2C700|font_style:400%20regular%3A400%3Anormal&#8221;][\/vc_column][\/mk_page_section][mk_page_section bg_color=&#8221;#ffffff&#8221; bg_position=&#8221;center center&#8221; padding_top=&#8221;60&#8243; padding_bottom=&#8221;0&#8243; sidebar=&#8221;sidebar-1&#8243;][vc_column width=&#8221;1\/2&#8243;][mk_padding_divider][vc_column_text] Conhe\u00e7a sobre a nossa Hist\u00f3ria Lorem Ipsum\u00a0\u00e9 simplesmente uma simula\u00e7\u00e3o de texto da ind\u00fastria tipogr\u00e1fica e de impressos, e vem sendo utilizado desde o s\u00e9culo XVI, quando um impressor desconhecido pegou [&hellip;]\" \/>\n<meta property=\"og:url\" content=\"https:\/\/www.agencianectarina.com.br\/lojavirtual\/sobre-a-loja\/\" \/>\n<meta property=\"og:site_name\" content=\"Modelo de Loja Virtual | Ag\u00eancia Nectarina\" \/>\n<meta property=\"article:publisher\" content=\"https:\/\/www.facebook.com\/marciobizcoach\/\" \/>\n<meta property=\"article:modified_time\" content=\"2021-04-14T22:38:36+00:00\" \/>\n<meta property=\"og:image\" content=\"https:\/\/www.agencianectarina.com.br\/miami\/wp-content\/uploads\/2021\/04\/moda-masculina-3.png\" \/>\n<meta name=\"twitter:card\" content=\"summary_large_image\" \/>\n<meta name=\"twitter:label1\" content=\"Est. tempo de leitura\" \/>\n\t<meta name=\"twitter:data1\" content=\"2 minutos\" \/>\n<script type=\"application\/ld+json\" class=\"yoast-schema-graph\">{\"@context\":\"https:\/\/schema.org\",\"@graph\":[{\"@type\":\"WebPage\",\"@id\":\"https:\/\/www.agencianectarina.com.br\/lojavirtual\/sobre-a-loja\/\",\"url\":\"https:\/\/www.agencianectarina.com.br\/lojavirtual\/sobre-a-loja\/\",\"name\":\"Sobre a Loja | Modelo de Loja Virtual | Ag\u00eancia Nectarina\",\"isPartOf\":{\"@id\":\"https:\/\/www.agencianectarina.com.br\/lojavirtual\/#website\"},\"primaryImageOfPage\":{\"@id\":\"https:\/\/www.agencianectarina.com.br\/lojavirtual\/sobre-a-loja\/#primaryimage\"},\"image\":{\"@id\":\"https:\/\/www.agencianectarina.com.br\/lojavirtual\/sobre-a-loja\/#primaryimage\"},\"thumbnailUrl\":\"https:\/\/www.agencianectarina.com.br\/miami\/wp-content\/uploads\/2021\/04\/moda-masculina-3.png\",\"datePublished\":\"2021-04-01T04:15:00+00:00\",\"dateModified\":\"2021-04-14T22:38:36+00:00\",\"breadcrumb\":{\"@id\":\"https:\/\/www.agencianectarina.com.br\/lojavirtual\/sobre-a-loja\/#breadcrumb\"},\"inLanguage\":\"pt-BR\",\"potentialAction\":[{\"@type\":\"ReadAction\",\"target\":[\"https:\/\/www.agencianectarina.com.br\/lojavirtual\/sobre-a-loja\/\"]}]},{\"@type\":\"ImageObject\",\"inLanguage\":\"pt-BR\",\"@id\":\"https:\/\/www.agencianectarina.com.br\/lojavirtual\/sobre-a-loja\/#primaryimage\",\"url\":\"https:\/\/www.agencianectarina.com.br\/miami\/wp-content\/uploads\/2021\/04\/moda-masculina-3.png\",\"contentUrl\":\"https:\/\/www.agencianectarina.com.br\/miami\/wp-content\/uploads\/2021\/04\/moda-masculina-3.png\"},{\"@type\":\"BreadcrumbList\",\"@id\":\"https:\/\/www.agencianectarina.com.br\/lojavirtual\/sobre-a-loja\/#breadcrumb\",\"itemListElement\":[{\"@type\":\"ListItem\",\"position\":1,\"name\":\"In\u00edcio\",\"item\":\"https:\/\/www.agencianectarina.com.br\/lojavirtual\/\"},{\"@type\":\"ListItem\",\"position\":2,\"name\":\"Sobre a Loja\"}]},{\"@type\":\"WebSite\",\"@id\":\"https:\/\/www.agencianectarina.com.br\/lojavirtual\/#website\",\"url\":\"https:\/\/www.agencianectarina.com.br\/lojavirtual\/\",\"name\":\"Modelo de Loja Virtual | Ag\u00eancia Nectarina\",\"description\":\"\",\"potentialAction\":[{\"@type\":\"SearchAction\",\"target\":{\"@type\":\"EntryPoint\",\"urlTemplate\":\"https:\/\/www.agencianectarina.com.br\/lojavirtual\/?s={search_term_string}\"},\"query-input\":{\"@type\":\"PropertyValueSpecification\",\"valueRequired\":true,\"valueName\":\"search_term_string\"}}],\"inLanguage\":\"pt-BR\"}]}<\/script>\n<!-- \/ Yoast SEO plugin. -->","yoast_head_json":{"title":"Sobre a Loja | Modelo de Loja Virtual | Ag\u00eancia Nectarina","robots":{"index":"index","follow":"follow","max-snippet":"max-snippet:-1","max-image-preview":"max-image-preview:large","max-video-preview":"max-video-preview:-1"},"canonical":"https:\/\/www.agencianectarina.com.br\/lojavirtual\/sobre-a-loja\/","og_locale":"pt_BR","og_type":"article","og_title":"Sobre a Loja | Modelo de Loja Virtual | Ag\u00eancia Nectarina","og_description":"[mk_page_section bg_image=&#8221;https:\/\/www.agencianectarina.com.br\/miami\/wp-content\/uploads\/2021\/04\/moda-masculina.jpg&#8221; bg_position=&#8221;center center&#8221; bg_repeat=&#8221;no-repeat&#8221; bg_stretch=&#8221;true&#8221; padding_top=&#8221;60&#8243; padding_bottom=&#8221;60&#8243; sidebar=&#8221;sidebar-1&#8243;][vc_column][vc_custom_heading text=&#8221;Sua Loja: Moda Masculina e Feminina&#8221; font_container=&#8221;tag:h1|font_size:25px|text_align:center|color:%23ffffff&#8221; google_fonts=&#8221;font_family:Montserrat%3Aregular%2C700|font_style:400%20regular%3A400%3Anormal&#8221;][\/vc_column][\/mk_page_section][mk_page_section bg_color=&#8221;#ffffff&#8221; bg_position=&#8221;center center&#8221; padding_top=&#8221;60&#8243; padding_bottom=&#8221;0&#8243; sidebar=&#8221;sidebar-1&#8243;][vc_column width=&#8221;1\/2&#8243;][mk_padding_divider][vc_column_text] Conhe\u00e7a sobre a nossa Hist\u00f3ria Lorem Ipsum\u00a0\u00e9 simplesmente uma simula\u00e7\u00e3o de texto da ind\u00fastria tipogr\u00e1fica e de impressos, e vem sendo utilizado desde o s\u00e9culo XVI, quando um impressor desconhecido pegou [&hellip;]","og_url":"https:\/\/www.agencianectarina.com.br\/lojavirtual\/sobre-a-loja\/","og_site_name":"Modelo de Loja Virtual | Ag\u00eancia Nectarina","article_publisher":"https:\/\/www.facebook.com\/marciobizcoach\/","article_modified_time":"2021-04-14T22:38:36+00:00","og_image":[{"url":"https:\/\/www.agencianectarina.com.br\/miami\/wp-content\/uploads\/2021\/04\/moda-masculina-3.png","type":"","width":"","height":""}],"twitter_card":"summary_large_image","twitter_misc":{"Est. tempo de leitura":"2 minutos"},"schema":{"@context":"https:\/\/schema.org","@graph":[{"@type":"WebPage","@id":"https:\/\/www.agencianectarina.com.br\/lojavirtual\/sobre-a-loja\/","url":"https:\/\/www.agencianectarina.com.br\/lojavirtual\/sobre-a-loja\/","name":"Sobre a Loja | Modelo de Loja Virtual | Ag\u00eancia Nectarina","isPartOf":{"@id":"https:\/\/www.agencianectarina.com.br\/lojavirtual\/#website"},"primaryImageOfPage":{"@id":"https:\/\/www.agencianectarina.com.br\/lojavirtual\/sobre-a-loja\/#primaryimage"},"image":{"@id":"https:\/\/www.agencianectarina.com.br\/lojavirtual\/sobre-a-loja\/#primaryimage"},"thumbnailUrl":"https:\/\/www.agencianectarina.com.br\/miami\/wp-content\/uploads\/2021\/04\/moda-masculina-3.png","datePublished":"2021-04-01T04:15:00+00:00","dateModified":"2021-04-14T22:38:36+00:00","breadcrumb":{"@id":"https:\/\/www.agencianectarina.com.br\/lojavirtual\/sobre-a-loja\/#breadcrumb"},"inLanguage":"pt-BR","potentialAction":[{"@type":"ReadAction","target":["https:\/\/www.agencianectarina.com.br\/lojavirtual\/sobre-a-loja\/"]}]},{"@type":"ImageObject","inLanguage":"pt-BR","@id":"https:\/\/www.agencianectarina.com.br\/lojavirtual\/sobre-a-loja\/#primaryimage","url":"https:\/\/www.agencianectarina.com.br\/miami\/wp-content\/uploads\/2021\/04\/moda-masculina-3.png","contentUrl":"https:\/\/www.agencianectarina.com.br\/miami\/wp-content\/uploads\/2021\/04\/moda-masculina-3.png"},{"@type":"BreadcrumbList","@id":"https:\/\/www.agencianectarina.com.br\/lojavirtual\/sobre-a-loja\/#breadcrumb","itemListElement":[{"@type":"ListItem","position":1,"name":"In\u00edcio","item":"https:\/\/www.agencianectarina.com.br\/lojavirtual\/"},{"@type":"ListItem","position":2,"name":"Sobre a Loja"}]},{"@type":"WebSite","@id":"https:\/\/www.agencianectarina.com.br\/lojavirtual\/#website","url":"https:\/\/www.agencianectarina.com.br\/lojavirtual\/","name":"Modelo de Loja Virtual | Ag\u00eancia Nectarina","description":"","potentialAction":[{"@type":"SearchAction","target":{"@type":"EntryPoint","urlTemplate":"https:\/\/www.agencianectarina.com.br\/lojavirtual\/?s={search_term_string}"},"query-input":{"@type":"PropertyValueSpecification","valueRequired":true,"valueName":"search_term_string"}}],"inLanguage":"pt-BR"}]}},"_links":{"self":[{"href":"https:\/\/www.agencianectarina.com.br\/lojavirtual\/wp-json\/wp\/v2\/pages\/1625","targetHints":{"allow":["GET"]}}],"collection":[{"href":"https:\/\/www.agencianectarina.com.br\/lojavirtual\/wp-json\/wp\/v2\/pages"}],"about":[{"href":"https:\/\/www.agencianectarina.com.br\/lojavirtual\/wp-json\/wp\/v2\/types\/page"}],"author":[{"embeddable":true,"href":"https:\/\/www.agencianectarina.com.br\/lojavirtual\/wp-json\/wp\/v2\/users\/1"}],"replies":[{"embeddable":true,"href":"https:\/\/www.agencianectarina.com.br\/lojavirtual\/wp-json\/wp\/v2\/comments?post=1625"}],"version-history":[{"count":11,"href":"https:\/\/www.agencianectarina.com.br\/lojavirtual\/wp-json\/wp\/v2\/pages\/1625\/revisions"}],"predecessor-version":[{"id":1890,"href":"https:\/\/www.agencianectarina.com.br\/lojavirtual\/wp-json\/wp\/v2\/pages\/1625\/revisions\/1890"}],"wp:attachment":[{"href":"https:\/\/www.agencianectarina.com.br\/lojavirtual\/wp-json\/wp\/v2\/media?parent=1625"}],"curies":[{"name":"wp","href":"https:\/\/api.w.org\/{rel}","templated":true}]}}