{"id":1855,"date":"2021-04-01T18:57:59","date_gmt":"2021-04-01T18:57:59","guid":{"rendered":"https:\/\/www.agencianectarina.com.br\/miami\/?post_type=product&#038;p=1855"},"modified":"2021-04-01T18:59:40","modified_gmt":"2021-04-01T18:59:40","slug":"camiseta-feminina-1","status":"publish","type":"product","link":"https:\/\/www.agencianectarina.com.br\/lojavirtual\/produtos\/feminino\/camisetas-feminina\/camiseta-feminina-1\/","title":{"rendered":"Camiseta feminina 1"},"content":{"rendered":"<p>Lorem Ipsum\u00a0\u00e9 simplesmente uma simula\u00e7\u00e3o de texto da ind\u00fastria tipogr\u00e1fica e de impressos, e vem sendo utilizado desde o s\u00e9culo XVI, quando um impressor desconhecido pegou uma bandeja de tipos e os embaralhou para fazer um livro de modelos de tipos. Lorem Ipsum sobreviveu n\u00e3o s\u00f3 a cinco s\u00e9culos, como tamb\u00e9m ao salto para a editora\u00e7\u00e3o eletr\u00f4nica, permanecendo essencialmente inalterado.<\/p>\n","protected":false},"excerpt":{"rendered":"<p>Lorem Ipsum\u00a0\u00e9 simplesmente uma simula\u00e7\u00e3o de texto da ind\u00fastria tipogr\u00e1fica e de impressos, e vem sendo utilizado desde o s\u00e9culo XVI, quando um impressor desconhecido pegou uma bandeja de tipos e os embaralhou para fazer um livro de modelos de tipos. Lorem Ipsum sobreviveu n\u00e3o s\u00f3 a cinco s\u00e9culos, como tamb\u00e9m ao salto para a [&hellip;]<\/p>\n","protected":false},"featured_media":1815,"comment_status":"open","ping_status":"closed","template":"","meta":[],"product_brand":[],"product_cat":[55,33],"product_tag":[],"class_list":{"0":"post-1855","1":"product","2":"type-product","3":"status-publish","4":"has-post-thumbnail","6":"product_cat-camisetas-feminina","7":"product_cat-feminino","9":"first","10":"instock","11":"sale","12":"shipping-taxable","13":"purchasable","14":"product-type-variable"},"yoast_head":"<!-- This site is optimized with the Yoast SEO plugin v26.9 - https:\/\/yoast.com\/product\/yoast-seo-wordpress\/ -->\n<title>Camiseta feminina 1 | Modelo de Loja Virtual | Ag\u00eancia Nectarina<\/title>\n<meta name=\"robots\" content=\"index, follow, max-snippet:-1, max-image-preview:large, max-video-preview:-1\" \/>\n<link rel=\"canonical\" href=\"https:\/\/www.agencianectarina.com.br\/lojavirtual\/produtos\/feminino\/camisetas-feminina\/camiseta-feminina-1\/\" \/>\n<meta property=\"og:locale\" content=\"pt_BR\" \/>\n<meta property=\"og:type\" content=\"article\" \/>\n<meta property=\"og:title\" content=\"Camiseta feminina 1 | Modelo de Loja Virtual | Ag\u00eancia Nectarina\" \/>\n<meta property=\"og:description\" content=\"Lorem Ipsum\u00a0\u00e9 simplesmente uma simula\u00e7\u00e3o de texto da ind\u00fastria tipogr\u00e1fica e de impressos, e vem sendo utilizado desde o s\u00e9culo XVI, quando um impressor desconhecido pegou uma bandeja de tipos e os embaralhou para fazer um livro de modelos de tipos. Lorem Ipsum sobreviveu n\u00e3o s\u00f3 a cinco s\u00e9culos, como tamb\u00e9m ao salto para a [&hellip;]\" \/>\n<meta property=\"og:url\" content=\"https:\/\/www.agencianectarina.com.br\/lojavirtual\/produtos\/feminino\/camisetas-feminina\/camiseta-feminina-1\/\" \/>\n<meta property=\"og:site_name\" content=\"Modelo de Loja Virtual | Ag\u00eancia Nectarina\" \/>\n<meta property=\"article:publisher\" content=\"https:\/\/www.facebook.com\/marciobizcoach\/\" \/>\n<meta property=\"article:modified_time\" content=\"2021-04-01T18:59:40+00:00\" \/>\n<meta property=\"og:image\" content=\"https:\/\/www.agencianectarina.com.br\/lojavirtual\/wp-content\/uploads\/2021\/04\/camiseta-feminina-branca.jpg\" \/>\n\t<meta property=\"og:image:width\" content=\"600\" \/>\n\t<meta property=\"og:image:height\" content=\"600\" \/>\n\t<meta property=\"og:image:type\" content=\"image\/jpeg\" \/>\n<meta name=\"twitter:card\" content=\"summary_large_image\" \/>\n<meta name=\"twitter:label1\" content=\"Est. tempo de leitura\" \/>\n\t<meta name=\"twitter:data1\" content=\"1 minuto\" \/>\n<script type=\"application\/ld+json\" class=\"yoast-schema-graph\">{\"@context\":\"https:\/\/schema.org\",\"@graph\":[{\"@type\":\"WebPage\",\"@id\":\"https:\/\/www.agencianectarina.com.br\/lojavirtual\/produtos\/feminino\/camisetas-feminina\/camiseta-feminina-1\/\",\"url\":\"https:\/\/www.agencianectarina.com.br\/lojavirtual\/produtos\/feminino\/camisetas-feminina\/camiseta-feminina-1\/\",\"name\":\"Camiseta feminina 1 | Modelo de Loja Virtual | Ag\u00eancia Nectarina\",\"isPartOf\":{\"@id\":\"https:\/\/www.agencianectarina.com.br\/lojavirtual\/#website\"},\"primaryImageOfPage\":{\"@id\":\"https:\/\/www.agencianectarina.com.br\/lojavirtual\/produtos\/feminino\/camisetas-feminina\/camiseta-feminina-1\/#primaryimage\"},\"image\":{\"@id\":\"https:\/\/www.agencianectarina.com.br\/lojavirtual\/produtos\/feminino\/camisetas-feminina\/camiseta-feminina-1\/#primaryimage\"},\"thumbnailUrl\":\"https:\/\/www.agencianectarina.com.br\/lojavirtual\/wp-content\/uploads\/2021\/04\/camiseta-feminina-branca.jpg\",\"datePublished\":\"2021-04-01T18:57:59+00:00\",\"dateModified\":\"2021-04-01T18:59:40+00:00\",\"breadcrumb\":{\"@id\":\"https:\/\/www.agencianectarina.com.br\/lojavirtual\/produtos\/feminino\/camisetas-feminina\/camiseta-feminina-1\/#breadcrumb\"},\"inLanguage\":\"pt-BR\",\"potentialAction\":[{\"@type\":\"ReadAction\",\"target\":[\"https:\/\/www.agencianectarina.com.br\/lojavirtual\/produtos\/feminino\/camisetas-feminina\/camiseta-feminina-1\/\"]}]},{\"@type\":\"ImageObject\",\"inLanguage\":\"pt-BR\",\"@id\":\"https:\/\/www.agencianectarina.com.br\/lojavirtual\/produtos\/feminino\/camisetas-feminina\/camiseta-feminina-1\/#primaryimage\",\"url\":\"https:\/\/www.agencianectarina.com.br\/lojavirtual\/wp-content\/uploads\/2021\/04\/camiseta-feminina-branca.jpg\",\"contentUrl\":\"https:\/\/www.agencianectarina.com.br\/lojavirtual\/wp-content\/uploads\/2021\/04\/camiseta-feminina-branca.jpg\",\"width\":600,\"height\":600},{\"@type\":\"BreadcrumbList\",\"@id\":\"https:\/\/www.agencianectarina.com.br\/lojavirtual\/produtos\/feminino\/camisetas-feminina\/camiseta-feminina-1\/#breadcrumb\",\"itemListElement\":[{\"@type\":\"ListItem\",\"position\":1,\"name\":\"In\u00edcio\",\"item\":\"https:\/\/www.agencianectarina.com.br\/lojavirtual\/\"},{\"@type\":\"ListItem\",\"position\":2,\"name\":\"Produtos\",\"item\":\"https:\/\/www.agencianectarina.com.br\/lojavirtual\/produtos\/\"},{\"@type\":\"ListItem\",\"position\":3,\"name\":\"Camiseta feminina 1\"}]},{\"@type\":\"WebSite\",\"@id\":\"https:\/\/www.agencianectarina.com.br\/lojavirtual\/#website\",\"url\":\"https:\/\/www.agencianectarina.com.br\/lojavirtual\/\",\"name\":\"Modelo de Loja Virtual | Ag\u00eancia Nectarina\",\"description\":\"\",\"potentialAction\":[{\"@type\":\"SearchAction\",\"target\":{\"@type\":\"EntryPoint\",\"urlTemplate\":\"https:\/\/www.agencianectarina.com.br\/lojavirtual\/?s={search_term_string}\"},\"query-input\":{\"@type\":\"PropertyValueSpecification\",\"valueRequired\":true,\"valueName\":\"search_term_string\"}}],\"inLanguage\":\"pt-BR\"}]}<\/script>\n<!-- \/ Yoast SEO plugin. -->","yoast_head_json":{"title":"Camiseta feminina 1 | Modelo de Loja Virtual | Ag\u00eancia Nectarina","robots":{"index":"index","follow":"follow","max-snippet":"max-snippet:-1","max-image-preview":"max-image-preview:large","max-video-preview":"max-video-preview:-1"},"canonical":"https:\/\/www.agencianectarina.com.br\/lojavirtual\/produtos\/feminino\/camisetas-feminina\/camiseta-feminina-1\/","og_locale":"pt_BR","og_type":"article","og_title":"Camiseta feminina 1 | Modelo de Loja Virtual | Ag\u00eancia Nectarina","og_description":"Lorem Ipsum\u00a0\u00e9 simplesmente uma simula\u00e7\u00e3o de texto da ind\u00fastria tipogr\u00e1fica e de impressos, e vem sendo utilizado desde o s\u00e9culo XVI, quando um impressor desconhecido pegou uma bandeja de tipos e os embaralhou para fazer um livro de modelos de tipos. Lorem Ipsum sobreviveu n\u00e3o s\u00f3 a cinco s\u00e9culos, como tamb\u00e9m ao salto para a [&hellip;]","og_url":"https:\/\/www.agencianectarina.com.br\/lojavirtual\/produtos\/feminino\/camisetas-feminina\/camiseta-feminina-1\/","og_site_name":"Modelo de Loja Virtual | Ag\u00eancia Nectarina","article_publisher":"https:\/\/www.facebook.com\/marciobizcoach\/","article_modified_time":"2021-04-01T18:59:40+00:00","og_image":[{"width":600,"height":600,"url":"https:\/\/www.agencianectarina.com.br\/lojavirtual\/wp-content\/uploads\/2021\/04\/camiseta-feminina-branca.jpg","type":"image\/jpeg"}],"twitter_card":"summary_large_image","twitter_misc":{"Est. tempo de leitura":"1 minuto"},"schema":{"@context":"https:\/\/schema.org","@graph":[{"@type":"WebPage","@id":"https:\/\/www.agencianectarina.com.br\/lojavirtual\/produtos\/feminino\/camisetas-feminina\/camiseta-feminina-1\/","url":"https:\/\/www.agencianectarina.com.br\/lojavirtual\/produtos\/feminino\/camisetas-feminina\/camiseta-feminina-1\/","name":"Camiseta feminina 1 | Modelo de Loja Virtual | Ag\u00eancia Nectarina","isPartOf":{"@id":"https:\/\/www.agencianectarina.com.br\/lojavirtual\/#website"},"primaryImageOfPage":{"@id":"https:\/\/www.agencianectarina.com.br\/lojavirtual\/produtos\/feminino\/camisetas-feminina\/camiseta-feminina-1\/#primaryimage"},"image":{"@id":"https:\/\/www.agencianectarina.com.br\/lojavirtual\/produtos\/feminino\/camisetas-feminina\/camiseta-feminina-1\/#primaryimage"},"thumbnailUrl":"https:\/\/www.agencianectarina.com.br\/lojavirtual\/wp-content\/uploads\/2021\/04\/camiseta-feminina-branca.jpg","datePublished":"2021-04-01T18:57:59+00:00","dateModified":"2021-04-01T18:59:40+00:00","breadcrumb":{"@id":"https:\/\/www.agencianectarina.com.br\/lojavirtual\/produtos\/feminino\/camisetas-feminina\/camiseta-feminina-1\/#breadcrumb"},"inLanguage":"pt-BR","potentialAction":[{"@type":"ReadAction","target":["https:\/\/www.agencianectarina.com.br\/lojavirtual\/produtos\/feminino\/camisetas-feminina\/camiseta-feminina-1\/"]}]},{"@type":"ImageObject","inLanguage":"pt-BR","@id":"https:\/\/www.agencianectarina.com.br\/lojavirtual\/produtos\/feminino\/camisetas-feminina\/camiseta-feminina-1\/#primaryimage","url":"https:\/\/www.agencianectarina.com.br\/lojavirtual\/wp-content\/uploads\/2021\/04\/camiseta-feminina-branca.jpg","contentUrl":"https:\/\/www.agencianectarina.com.br\/lojavirtual\/wp-content\/uploads\/2021\/04\/camiseta-feminina-branca.jpg","width":600,"height":600},{"@type":"BreadcrumbList","@id":"https:\/\/www.agencianectarina.com.br\/lojavirtual\/produtos\/feminino\/camisetas-feminina\/camiseta-feminina-1\/#breadcrumb","itemListElement":[{"@type":"ListItem","position":1,"name":"In\u00edcio","item":"https:\/\/www.agencianectarina.com.br\/lojavirtual\/"},{"@type":"ListItem","position":2,"name":"Produtos","item":"https:\/\/www.agencianectarina.com.br\/lojavirtual\/produtos\/"},{"@type":"ListItem","position":3,"name":"Camiseta feminina 1"}]},{"@type":"WebSite","@id":"https:\/\/www.agencianectarina.com.br\/lojavirtual\/#website","url":"https:\/\/www.agencianectarina.com.br\/lojavirtual\/","name":"Modelo de Loja Virtual | Ag\u00eancia Nectarina","description":"","potentialAction":[{"@type":"SearchAction","target":{"@type":"EntryPoint","urlTemplate":"https:\/\/www.agencianectarina.com.br\/lojavirtual\/?s={search_term_string}"},"query-input":{"@type":"PropertyValueSpecification","valueRequired":true,"valueName":"search_term_string"}}],"inLanguage":"pt-BR"}]}},"_links":{"self":[{"href":"https:\/\/www.agencianectarina.com.br\/lojavirtual\/wp-json\/wp\/v2\/product\/1855","targetHints":{"allow":["GET"]}}],"collection":[{"href":"https:\/\/www.agencianectarina.com.br\/lojavirtual\/wp-json\/wp\/v2\/product"}],"about":[{"href":"https:\/\/www.agencianectarina.com.br\/lojavirtual\/wp-json\/wp\/v2\/types\/product"}],"replies":[{"embeddable":true,"href":"https:\/\/www.agencianectarina.com.br\/lojavirtual\/wp-json\/wp\/v2\/comments?post=1855"}],"wp:featuredmedia":[{"embeddable":true,"href":"https:\/\/www.agencianectarina.com.br\/lojavirtual\/wp-json\/wp\/v2\/media\/1815"}],"wp:attachment":[{"href":"https:\/\/www.agencianectarina.com.br\/lojavirtual\/wp-json\/wp\/v2\/media?parent=1855"}],"wp:term":[{"taxonomy":"product_brand","embeddable":true,"href":"https:\/\/www.agencianectarina.com.br\/lojavirtual\/wp-json\/wp\/v2\/product_brand?post=1855"},{"taxonomy":"product_cat","embeddable":true,"href":"https:\/\/www.agencianectarina.com.br\/lojavirtual\/wp-json\/wp\/v2\/product_cat?post=1855"},{"taxonomy":"product_tag","embeddable":true,"href":"https:\/\/www.agencianectarina.com.br\/lojavirtual\/wp-json\/wp\/v2\/product_tag?post=1855"}],"curies":[{"name":"wp","href":"https:\/\/api.w.org\/{rel}","templated":true}]}}